{"id":5,"date":"2023-06-05T21:36:30","date_gmt":"2023-06-05T19:36:30","guid":{"rendered":"https:\/\/demni.primariamoreni.ro\/colibri-wp\/"},"modified":"2023-07-10T08:42:51","modified_gmt":"2023-07-10T06:42:51","slug":"colibri-wp","status":"publish","type":"page","link":"https:\/\/demni.primariamoreni.ro\/en\/","title":{"rendered":"Home"},"content":{"rendered":"<div data-colibri-id=\"5-c1\" class=\"style-193 style-local-5-c1 position-relative\">\n  <!---->\n  <div data-colibri-component=\"section\" data-colibri-id=\"5-c2\" id=\"about\" class=\"h-section h-section-global-spacing d-flex align-items-lg-center align-items-md-center align-items-center style-336 style-local-5-c2 position-relative\">\n    <!---->\n    <!---->\n    <div class=\"h-section-grid-container h-section-boxed-container\">\n      <!---->\n      <div data-colibri-id=\"5-c3\" class=\"h-row-container gutters-row-lg-2 gutters-row-md-2 gutters-row-2 gutters-row-v-lg-2 gutters-row-v-md-2 gutters-row-v-2 style-337 style-local-5-c3 position-relative\">\n        <!---->\n        <div class=\"h-row justify-content-lg-center justify-content-md-center justify-content-center align-items-lg-center align-items-md-center align-items-center gutters-col-lg-2 gutters-col-md-2 gutters-col-2 gutters-col-v-lg-2 gutters-col-v-md-2 gutters-col-v-2\">\n          <!---->\n          <div class=\"h-column h-column-container d-flex h-col-lg-auto h-col-md-auto h-col-auto align-self-lg-center align-self-md-center align-self-center style-338-outer style-local-5-c4-outer\">\n            <div data-colibri-id=\"5-c4\" class=\"d-flex h-flex-basis h-column__inner h-px-lg-0 h-px-md-0 h-px-0 v-inner-lg-0 v-inner-md-0 v-inner-0 style-338 style-local-5-c4 position-relative\">\n              <!---->\n              <!---->\n              <div class=\"w-100 h-y-container h-column__content h-column__v-align flex-basis-100 align-self-lg-center align-self-md-center align-self-center\">\n                <!---->\n                <div data-colibri-id=\"5-c5\" class=\"h-row-container gutters-row-lg-0 gutters-row-md-0 gutters-row-0 gutters-row-v-lg-0 gutters-row-v-md-0 gutters-row-v-0 style-339 style-local-5-c5 position-relative\">\n                  <!---->\n                  <div class=\"h-row justify-content-lg-start justify-content-md-start justify-content-center align-items-lg-stretch align-items-md-stretch align-items-stretch gutters-col-lg-0 gutters-col-md-0 gutters-col-0 gutters-col-v-lg-0 gutters-col-v-md-0 gutters-col-v-0\">\n                    <!---->\n                    <div class=\"h-column h-column-container d-flex h-col-lg-auto h-col-md-auto h-col-auto style-340-outer style-local-5-c6-outer\">\n                      <div data-colibri-id=\"5-c6\" class=\"d-flex h-flex-basis h-column__inner h-px-lg-0 h-px-md-0 h-px-0 v-inner-lg-0 v-inner-md-0 v-inner-0 style-340 style-local-5-c6 position-relative\">\n                        <!---->\n                        <!---->\n                        <div class=\"w-100 h-y-container h-column__content h-column__v-align flex-basis-auto align-self-lg-start align-self-md-start align-self-center\">\n                          <!---->\n                          <div data-colibri-id=\"5-c7\" class=\"h-global-transition-all h-heading style-341 style-local-5-c7 position-relative h-element\">\n                            <!---->\n                            <div class=\"h-heading__outer style-341 style-local-5-c7\">\n                              <!---->\n                              <!---->\n                              <h4 class=\"\">About the project<\/h4>\n                            <\/div>\n                          <\/div>\n                        <\/div>\n                      <\/div>\n                    <\/div>\n                  <\/div>\n                <\/div>\n                <div data-colibri-id=\"5-c8\" class=\"h-global-transition-all h-heading style-342 style-local-5-c8 position-relative h-element\">\n                  <!---->\n                  <div class=\"h-heading__outer style-342 style-local-5-c8\">\n                    <!---->\n                    <!---->\n                    <h4 class=\"\"><span style=\"font-weight: 300;\">U.A.T. The Municipality of Moreni, as the Project Promoter, implements the Project <\/span><span style=\"font-weight: 400;\">DEMNI - Fair Development, Non-Discriminatory and Inclusive Measures<\/span><\/h4>\n                  <\/div>\n                <\/div>\n                <div data-colibri-id=\"5-c9\" class=\"h-text h-text-component style-344 style-local-5-c9 position-relative h-element\">\n                  <!---->\n                  <!---->\n                  <div class=\"\">\n                    <p>The objective of the project is to improve the situation of disadvantaged people (of Roma ethnicity but not only) from the Moreni and Adjud localities.<\/p>\n                  <\/div>\n                <\/div>\n              <\/div>\n            <\/div>\n          <\/div>\n          <div class=\"h-column h-column-container d-flex h-col-lg-auto h-col-md-auto h-col-auto align-self-lg-center align-self-md-center align-self-center style-345-outer style-local-5-c10-outer\">\n            <div data-colibri-id=\"5-c10\" class=\"d-flex h-flex-basis h-column__inner h-px-lg-0 h-px-md-0 h-px-0 v-inner-lg-0 v-inner-md-0 v-inner-0 style-345 style-local-5-c10 position-relative\">\n              <!---->\n              <!---->\n              <div class=\"w-100 h-y-container h-column__content h-column__v-align flex-basis-100 align-self-lg-center align-self-md-center align-self-center\">\n                <!---->\n                <div data-colibri-id=\"5-c11\" class=\"h-multiple-image style-346 style-local-5-c11 position-relative h-element\">\n                  <!---->\n                  <div class=\"position-relative\">\n                    <div class=\"h-multiple-image-inside-container\">\n                      <div class=\"ratio-inner\">\n                        <div data-colibri-id=\"5-c12\" class=\"d-block style-347 style-local-5-c12 position-relative h-element\">\n                          <!---->\n                          <div class=\"h-image__frame-container-outer\">\n                            <div class=\"h-image__frame-container\">\n                              <!---->\n                              <!---->\n                              <img loading=\"lazy\" decoding=\"async\" width=\"2560\" height=\"1707\" src=\"https:\/\/demni.primariamoreni.ro\/wp-content\/uploads\/2023\/06\/team-4529717-1-scaled.jpg\" class=\"style-346-images style-local-5-c11-images wp-image-91 style-347-image style-local-5-c12-image\" alt=\"\" srcset=\"https:\/\/demni.primariamoreni.ro\/wp-content\/uploads\/2023\/06\/team-4529717-1-scaled.jpg 2560w, https:\/\/demni.primariamoreni.ro\/wp-content\/uploads\/2023\/06\/team-4529717-1-300x200.jpg 300w\" sizes=\"auto, (max-width: 2560px) 100vw, 2560px\" \/>\n                              <div class=\"h-image__frame h-hide-lg h-hide-md h-hide-sm style-347-frameImage style-local-5-c12-frameImage\"><\/div>\n                            <\/div>\n                          <\/div>\n                        <\/div>\n                        <div data-colibri-id=\"5-c13\" class=\"d-block style-348 style-local-5-c13 position-relative h-element\">\n                          <!---->\n                          <div class=\"h-image__frame-container-outer\">\n                            <div class=\"h-image__frame-container\">\n                              <!---->\n                              <div class=\"h-image__overlay style-348-overlay style-local-5-c13-overlay\">\n                                <div class=\"overlay-layer\">\n                                  <div class=\"overlay-image-layer\" style=\"background-color: rgb(255, 255, 255); opacity: 0.5;\"><\/div>\n                                <\/div>\n                              <\/div>\n                              <img loading=\"lazy\" decoding=\"async\" width=\"612\" height=\"408\" src=\"https:\/\/demni.primariamoreni.ro\/wp-content\/uploads\/2023\/06\/istockphoto-513439341-612x612-1.jpg\" class=\"style-346-images style-local-5-c11-images wp-image-94 style-348-image style-local-5-c13-image\" alt=\"\" srcset=\"https:\/\/demni.primariamoreni.ro\/wp-content\/uploads\/2023\/06\/istockphoto-513439341-612x612-1.jpg 612w, https:\/\/demni.primariamoreni.ro\/wp-content\/uploads\/2023\/06\/istockphoto-513439341-612x612-1-300x200.jpg 300w\" sizes=\"auto, (max-width: 612px) 100vw, 612px\" \/>\n                              <div class=\"h-image__frame h-hide-lg h-hide-md h-hide-sm style-348-frameImage style-local-5-c13-frameImage\"><\/div>\n                            <\/div>\n                          <\/div>\n                        <\/div>\n                      <\/div>\n                    <\/div>\n                  <\/div>\n                <\/div>\n              <\/div>\n            <\/div>\n          <\/div>\n        <\/div>\n      <\/div>\n    <\/div>\n  <\/div>\n  <div data-colibri-component=\"section\" data-colibri-id=\"5-c18\" id=\"counters\" class=\"h-section h-section-global-spacing d-flex align-items-lg-center align-items-md-center align-items-center style-350 style-local-5-c18 position-relative\">\n    <!---->\n    <!---->\n    <div class=\"h-section-grid-container h-section-boxed-container\">\n      <!---->\n      <div data-colibri-id=\"5-c19\" class=\"h-row-container gutters-row-lg-0 gutters-row-md-0 gutters-row-0 gutters-row-v-lg-0 gutters-row-v-md-0 gutters-row-v-0 style-351 style-local-5-c19 position-relative\">\n        <!---->\n        <div class=\"h-row justify-content-lg-center justify-content-md-center justify-content-center align-items-lg-stretch align-items-md-stretch align-items-stretch gutters-col-lg-0 gutters-col-md-0 gutters-col-0 gutters-col-v-lg-0 gutters-col-v-md-0 gutters-col-v-0\">\n          <!---->\n          <div class=\"h-column h-column-container d-flex h-col-lg-auto h-col-md-auto h-col-auto style-352-outer style-local-5-c20-outer\">\n            <div data-colibri-id=\"5-c20\" class=\"d-flex h-flex-basis h-column__inner h-px-lg-2 h-px-md-2 h-px-2 v-inner-lg-2 v-inner-md-2 v-inner-2 style-352 style-local-5-c20 position-relative\">\n              <!---->\n              <!---->\n              <div class=\"w-100 h-y-container h-column__content h-column__v-align flex-basis-100 align-self-lg-center align-self-md-center align-self-center\">\n                <!---->\n                <div data-colibri-id=\"5-c21\" class=\"h-global-transition-all h-heading style-353 style-local-5-c21 position-relative h-element\">\n                  <!---->\n                  <div class=\"h-heading__outer style-353 style-local-5-c21\">\n                    <!---->\n                    <!---->\n                    <h4 class=\"\">Indicators<\/h4>\n                  <\/div>\n                <\/div>\n                <div data-colibri-id=\"5-c22\" class=\"h-text h-text-component style-354 style-local-5-c22 position-relative h-element\">\n                  <!---->\n                  <!---->\n                  <div class=\"\">\n                    <p>Training courses, educational workshops, local initiatives and support groups <\/p>\n                  <\/div>\n                <\/div>\n              <\/div>\n            <\/div>\n          <\/div>\n          <div class=\"h-column h-column-container d-flex h-col-lg-auto h-col-md-auto h-col-auto style-355-outer style-local-5-c23-outer\">\n            <div data-colibri-id=\"5-c23\" class=\"d-flex h-flex-basis h-column__inner h-px-lg-3 h-px-md-3 h-px-3 v-inner-lg-3 v-inner-md-3 v-inner-3 style-355 style-local-5-c23 position-relative\">\n              <!---->\n              <!---->\n              <div class=\"w-100 h-y-container h-column__content h-column__v-align flex-basis-100 align-self-lg-center align-self-md-center align-self-center\">\n                <!---->\n                <div data-colibri-component=\"counter\" data-colibri-id=\"5-c24\" class=\"h-counter style-356 style-local-5-c24 position-relative h-element\">\n                  <!---->\n                  <div class=\"d-inline-block container-counters\">\n                    <!---->\n                    <div class=\"counter-container d-flex justify-content-lg-center justify-content-md-center justify-content-center\">\n                      <!---->\n                      <div class=\"d-flex align-items-center\">\n                        <!----><span class=\"h-counter-control simple-counter colibri-counter-4\">\n  0\n<\/span><\/div>\n                    <\/div>\n                    <div class=\"counter-title d-flex title-number justify-content-lg-center justify-content-md-center justify-content-center\">\n                      people, of which at least 1100 are Roma - integrated interventions\n                    <\/div>\n                  <\/div>\n                <\/div>\n              <\/div>\n            <\/div>\n          <\/div>\n          <div class=\"h-column h-column-container d-flex h-col-lg-auto h-col-md-auto h-col-auto style-357-outer style-local-5-c25-outer\">\n            <div data-colibri-id=\"5-c25\" class=\"d-flex h-flex-basis h-column__inner h-px-lg-3 h-px-md-3 h-px-3 v-inner-lg-3 v-inner-md-3 v-inner-3 style-357 style-local-5-c25 position-relative\">\n              <!---->\n              <!---->\n              <div class=\"w-100 h-y-container h-column__content h-column__v-align flex-basis-100 align-self-lg-center align-self-md-center align-self-center\">\n                <!---->\n                <div data-colibri-component=\"counter\" data-colibri-id=\"5-c26\" class=\"h-counter style-356 style-local-5-c26 position-relative h-element\">\n                  <!---->\n                  <div class=\"d-inline-block container-counters\">\n                    <!---->\n                    <div class=\"counter-container d-flex justify-content-lg-center justify-content-md-center justify-content-center\">\n                      <!---->\n                      <div class=\"d-flex align-items-center\">\n                        <!----><span class=\"h-counter-control simple-counter colibri-counter-4\">\n  0\n<\/span><\/div>\n                    <\/div>\n                    <div class=\"counter-title d-flex title-number justify-content-lg-center justify-content-md-center justify-content-center\">\n                      persons of which at least 400 are Roma - benefit from employment measures\n                    <\/div>\n                  <\/div>\n                <\/div>\n              <\/div>\n            <\/div>\n          <\/div>\n          <div class=\"h-column h-column-container d-flex h-col-lg-auto h-col-md-auto h-col-auto style-358-outer style-local-5-c27-outer\">\n            <div data-colibri-id=\"5-c27\" class=\"d-flex h-flex-basis h-column__inner h-px-lg-3 h-px-md-3 h-px-3 v-inner-lg-3 v-inner-md-3 v-inner-3 style-358 style-local-5-c27 position-relative\">\n              <!---->\n              <!---->\n              <div class=\"w-100 h-y-container h-column__content h-column__v-align flex-basis-100 align-self-lg-center align-self-md-center align-self-center\">\n                <!---->\n                <div data-colibri-component=\"counter\" data-colibri-id=\"5-c28\" class=\"h-counter style-356 style-local-5-c28 position-relative h-element\">\n                  <!---->\n                  <div class=\"d-inline-block container-counters\">\n                    <!---->\n                    <div class=\"counter-container d-flex justify-content-lg-center justify-content-md-center justify-content-center\">\n                      <!---->\n                      <div class=\"d-flex align-items-center\">\n                        <!----><span class=\"h-counter-control simple-counter colibri-counter-4\">\n  0\n<\/span><\/div>\n                    <\/div>\n                    <div class=\"counter-title d-flex title-number justify-content-lg-center justify-content-md-center justify-content-center\">\n                      parents, of which at least 100 are Roma - parental counseling\n                    <\/div>\n                  <\/div>\n                <\/div>\n              <\/div>\n            <\/div>\n          <\/div>\n          <div class=\"h-column h-column-container d-flex h-col-lg-auto h-col-md-auto h-col-auto style-359-outer style-local-5-c29-outer\">\n            <div data-colibri-id=\"5-c29\" class=\"d-flex h-flex-basis h-column__inner h-px-lg-3 h-px-md-3 h-px-3 v-inner-lg-3 v-inner-md-3 v-inner-3 style-359 style-local-5-c29 position-relative\">\n              <!---->\n              <!---->\n              <div class=\"w-100 h-y-container h-column__content h-column__v-align flex-basis-100 align-self-lg-center align-self-md-center align-self-center\">\n                <!---->\n                <div data-colibri-component=\"counter\" data-colibri-id=\"5-c30\" class=\"h-counter style-356 style-local-5-c30 position-relative h-element\">\n                  <!---->\n                  <div class=\"d-inline-block container-counters\">\n                    <!---->\n                    <div class=\"counter-container d-flex justify-content-lg-center justify-content-md-center justify-content-center\">\n                      <!---->\n                      <div class=\"d-flex align-items-center\">\n                        <!----><span class=\"h-counter-control simple-counter colibri-counter-4\">\n  0\n<\/span><\/div>\n                    <\/div>\n                    <div class=\"counter-title d-flex title-number justify-content-lg-center justify-content-md-center justify-content-center\">\n                      students, of which at least 300 are Roma - non-formal education\n                    <\/div>\n                  <\/div>\n                <\/div>\n              <\/div>\n            <\/div>\n          <\/div>\n          <div class=\"h-column h-column-container d-flex h-col-lg-auto h-col-md-auto h-col-auto style-364-outer style-local-5-c31-outer\">\n            <div data-colibri-id=\"5-c31\" class=\"d-flex h-flex-basis h-column__inner h-px-lg-2 h-px-md-2 h-px-2 v-inner-lg-2 v-inner-md-2 v-inner-2 style-364 style-local-5-c31 position-relative\">\n              <!---->\n              <!---->\n              <div class=\"w-100 h-y-container h-column__content h-column__v-align flex-basis-100 align-self-lg-center align-self-md-center align-self-center\">\n                <!---->\n                <div data-colibri-component=\"counter\" data-colibri-id=\"5-c32\" class=\"h-counter style-366 style-local-5-c32 position-relative h-element\">\n                  <!---->\n                  <div class=\"d-inline-block container-counters\">\n                    <!---->\n                    <div class=\"counter-container d-flex justify-content-lg-center justify-content-md-center justify-content-center\">\n                      <!---->\n                      <div class=\"d-flex align-items-center\">\n                        <!----><span class=\"h-counter-control simple-counter colibri-counter-4\">\n  0\n<\/span><\/div>\n                    <\/div>\n                    <div class=\"counter-title d-flex title-number justify-content-lg-center justify-content-md-center justify-content-center\">\n                      people, of which at least 800 are Roma - socio-medical services\n                    <\/div>\n                  <\/div>\n                <\/div>\n              <\/div>\n            <\/div>\n          <\/div>\n        <\/div>\n      <\/div>\n    <\/div>\n  <\/div>\n<\/div>","protected":false},"excerpt":{"rendered":"<p>Despre proiect U.A.T. Municipiul Moreni \u00een calitate de Promotor de Proiect, implementeaz\u0103 Proiectul \u201eDEMNI-Dezvoltare Echitabil\u0103, M\u0103suri Nediscriminatorii \u0219i Inclusive\u201d Obiectivul proiectului urm\u0103re\u0219te \u00eembun\u0103t\u0103\u021birea situa\u021biei persoanelor dezavantajate (de etnie rom\u0103 dar nu numai) din localit\u0103\u021bile Moreni \u0219i Adjud. Indicatori Cursuri de formare, ateliere educative, ini\u021biative locale \u0219i grupuri de sprijin 0 persoane, din care minim 1100 [&hellip;]<\/p>","protected":false},"author":1,"featured_media":0,"parent":0,"menu_order":0,"comment_status":"closed","ping_status":"closed","template":"page-templates\/homepage.php","meta":{"footnotes":""},"class_list":["post-5","page","type-page","status-publish","hentry"],"_links":{"self":[{"href":"https:\/\/demni.primariamoreni.ro\/en\/wp-json\/wp\/v2\/pages\/5","targetHints":{"allow":["GET"]}}],"collection":[{"href":"https:\/\/demni.primariamoreni.ro\/en\/wp-json\/wp\/v2\/pages"}],"about":[{"href":"https:\/\/demni.primariamoreni.ro\/en\/wp-json\/wp\/v2\/types\/page"}],"author":[{"embeddable":true,"href":"https:\/\/demni.primariamoreni.ro\/en\/wp-json\/wp\/v2\/users\/1"}],"replies":[{"embeddable":true,"href":"https:\/\/demni.primariamoreni.ro\/en\/wp-json\/wp\/v2\/comments?post=5"}],"version-history":[{"count":20,"href":"https:\/\/demni.primariamoreni.ro\/en\/wp-json\/wp\/v2\/pages\/5\/revisions"}],"predecessor-version":[{"id":433,"href":"https:\/\/demni.primariamoreni.ro\/en\/wp-json\/wp\/v2\/pages\/5\/revisions\/433"}],"wp:attachment":[{"href":"https:\/\/demni.primariamoreni.ro\/en\/wp-json\/wp\/v2\/media?parent=5"}],"curies":[{"name":"wp","href":"https:\/\/api.w.org\/{rel}","templated":true}]}}